{"id":1115,"date":"2022-06-01T15:01:34","date_gmt":"2022-06-01T13:01:34","guid":{"rendered":"https:\/\/travelino-vrgorac.com\/transfers\/"},"modified":"2022-06-04T16:25:21","modified_gmt":"2022-06-04T14:25:21","slug":"uberweisungen","status":"publish","type":"page","link":"https:\/\/travelino-vrgorac.com\/de\/uberweisungen\/","title":{"rendered":"\u00dcberweisungen"},"content":{"rendered":"\n<p>Wir bieten einen professionellen Transportservice f\u00fcr 8 Personen. Wir m\u00f6chten auch betonen, dass unsere Preise fair und auf dem Markt wettbewerbsf\u00e4hig sind. Egal, ob Sie einen Transfer zur F\u00e4hre oder zum Flughafen ben\u00f6tigen, wenn Sie einen Transfer nach Hause w\u00fcnschen, sind Sie f\u00fcr Sie da. <\/p>\n\n\n\n<p>Rufen Sie uns an und buchen Sie den Transfer: <a href=\"tel:091\/5035667\"><strong>+385915035667<\/strong><\/a><\/p>\n","protected":false},"excerpt":{"rendered":"<p>Wir bieten einen professionellen Transportservice f\u00fcr 8 Personen. Wir m\u00f6chten auch betonen, dass unsere Preise fair und auf dem Markt wettbewerbsf\u00e4hig sind. Egal, ob Sie einen Transfer zur F\u00e4hre oder zum Flughafen ben\u00f6tigen, wenn Sie einen Transfer nach Hause w\u00fcnschen, sind Sie f\u00fcr Sie da. Rufen Sie uns an und buchen Sie den Transfer: +385915035667<\/p>\n","protected":false},"author":1,"featured_media":941,"parent":0,"menu_order":0,"comment_status":"closed","ping_status":"closed","template":"page-transfers.php","meta":{"_acf_changed":false,"footnotes":""},"categories":[],"tags":[],"page_categories":[],"class_list":["post-1115","page","type-page","status-publish","has-post-thumbnail","hentry"],"acf":{"header_image":949},"_links":{"self":[{"href":"https:\/\/travelino-vrgorac.com\/de\/wp-json\/wp\/v2\/pages\/1115","targetHints":{"allow":["GET"]}}],"collection":[{"href":"https:\/\/travelino-vrgorac.com\/de\/wp-json\/wp\/v2\/pages"}],"about":[{"href":"https:\/\/travelino-vrgorac.com\/de\/wp-json\/wp\/v2\/types\/page"}],"author":[{"embeddable":true,"href":"https:\/\/travelino-vrgorac.com\/de\/wp-json\/wp\/v2\/users\/1"}],"replies":[{"embeddable":true,"href":"https:\/\/travelino-vrgorac.com\/de\/wp-json\/wp\/v2\/comments?post=1115"}],"version-history":[{"count":3,"href":"https:\/\/travelino-vrgorac.com\/de\/wp-json\/wp\/v2\/pages\/1115\/revisions"}],"predecessor-version":[{"id":1125,"href":"https:\/\/travelino-vrgorac.com\/de\/wp-json\/wp\/v2\/pages\/1115\/revisions\/1125"}],"wp:featuredmedia":[{"embeddable":true,"href":"https:\/\/travelino-vrgorac.com\/de\/wp-json\/wp\/v2\/media\/941"}],"wp:attachment":[{"href":"https:\/\/travelino-vrgorac.com\/de\/wp-json\/wp\/v2\/media?parent=1115"}],"wp:term":[{"taxonomy":"category","embeddable":true,"href":"https:\/\/travelino-vrgorac.com\/de\/wp-json\/wp\/v2\/categories?post=1115"},{"taxonomy":"post_tag","embeddable":true,"href":"https:\/\/travelino-vrgorac.com\/de\/wp-json\/wp\/v2\/tags?post=1115"},{"taxonomy":"page_categories","embeddable":true,"href":"https:\/\/travelino-vrgorac.com\/de\/wp-json\/wp\/v2\/page_categories?post=1115"}],"curies":[{"name":"wp","href":"https:\/\/api.w.org\/{rel}","templated":true}]}}