{"id":1112,"date":"2022-06-01T15:01:34","date_gmt":"2022-06-01T13:01:34","guid":{"rendered":"https:\/\/travelino-vrgorac.com\/transfers\/"},"modified":"2022-06-04T16:25:41","modified_gmt":"2022-06-04T14:25:41","slug":"transferi","status":"publish","type":"page","link":"https:\/\/travelino-vrgorac.com\/hr\/transferi\/","title":{"rendered":"Transferi"},"content":{"rendered":"\n<p>Nudimo profesionalnu uslugu prijevoza za 8 osoba. Tako\u0111er \u017eelimo naglasiti da su na\u0161e cijene fer i konkurentne na tr\u017ei\u0161tu. Bilo da trebate transfer do trajekta ili zra\u010dne luke, ako \u017eelite transfer do ku\u0107e tu smo za Vas.<\/p>\n\n\n\n<p>Kontaktiraj nas i rezerviraj transfer: <a href=\"tel:091\/5035667\"><strong>+385915035667<\/strong><\/a><\/p>\n","protected":false},"excerpt":{"rendered":"<p>Nudimo profesionalnu uslugu prijevoza za 8 osoba. Tako\u0111er \u017eelimo naglasiti da su na\u0161e cijene fer i konkurentne na tr\u017ei\u0161tu. Bilo da trebate transfer do trajekta ili zra\u010dne luke, ako \u017eelite transfer do ku\u0107e tu smo za Vas. Kontaktiraj nas i rezerviraj transfer: +385915035667<\/p>\n","protected":false},"author":1,"featured_media":389,"parent":0,"menu_order":0,"comment_status":"closed","ping_status":"closed","template":"page-transfers.php","meta":{"_acf_changed":false,"footnotes":""},"categories":[],"tags":[],"page_categories":[],"class_list":["post-1112","page","type-page","status-publish","has-post-thumbnail","hentry"],"acf":{"header_image":439},"_links":{"self":[{"href":"https:\/\/travelino-vrgorac.com\/hr\/wp-json\/wp\/v2\/pages\/1112","targetHints":{"allow":["GET"]}}],"collection":[{"href":"https:\/\/travelino-vrgorac.com\/hr\/wp-json\/wp\/v2\/pages"}],"about":[{"href":"https:\/\/travelino-vrgorac.com\/hr\/wp-json\/wp\/v2\/types\/page"}],"author":[{"embeddable":true,"href":"https:\/\/travelino-vrgorac.com\/hr\/wp-json\/wp\/v2\/users\/1"}],"replies":[{"embeddable":true,"href":"https:\/\/travelino-vrgorac.com\/hr\/wp-json\/wp\/v2\/comments?post=1112"}],"version-history":[{"count":3,"href":"https:\/\/travelino-vrgorac.com\/hr\/wp-json\/wp\/v2\/pages\/1112\/revisions"}],"predecessor-version":[{"id":1126,"href":"https:\/\/travelino-vrgorac.com\/hr\/wp-json\/wp\/v2\/pages\/1112\/revisions\/1126"}],"wp:featuredmedia":[{"embeddable":true,"href":"https:\/\/travelino-vrgorac.com\/hr\/wp-json\/wp\/v2\/media\/389"}],"wp:attachment":[{"href":"https:\/\/travelino-vrgorac.com\/hr\/wp-json\/wp\/v2\/media?parent=1112"}],"wp:term":[{"taxonomy":"category","embeddable":true,"href":"https:\/\/travelino-vrgorac.com\/hr\/wp-json\/wp\/v2\/categories?post=1112"},{"taxonomy":"post_tag","embeddable":true,"href":"https:\/\/travelino-vrgorac.com\/hr\/wp-json\/wp\/v2\/tags?post=1112"},{"taxonomy":"page_categories","embeddable":true,"href":"https:\/\/travelino-vrgorac.com\/hr\/wp-json\/wp\/v2\/page_categories?post=1112"}],"curies":[{"name":"wp","href":"https:\/\/api.w.org\/{rel}","templated":true}]}}